{"id":65,"date":"2013-11-15T16:14:15","date_gmt":"2013-11-15T15:14:15","guid":{"rendered":"http:\/\/www.compagnie-agora.fr\/actualites\/?page_id=65"},"modified":"2015-09-22T10:24:49","modified_gmt":"2015-09-22T09:24:49","slug":"penis-blues-theatre","status":"publish","type":"page","link":"https:\/\/www.compagnie-agora.fr\/actualites\/penis-blues-theatre\/","title":{"rendered":"P\u00e9nis Blues &#8211; Th\u00e9\u00e2tre"},"content":{"rendered":"<h1><strong>Une saga amoureuse, riche, \u00e9mouvante et dr\u00f4le<a href=\"https:\/\/www.compagnie-agora.fr\/actualites\/wp-content\/uploads\/2013\/11\/affiche-p-b-2014.jpg\"><img loading=\"lazy\" decoding=\"async\" class=\"alignright size-full wp-image-97\" alt=\"affiche-p-b-2014\" src=\"https:\/\/www.compagnie-agora.fr\/actualites\/wp-content\/uploads\/2013\/11\/affiche-p-b-2014.jpg\" width=\"428\" height=\"606\" srcset=\"https:\/\/www.compagnie-agora.fr\/actualites\/wp-content\/uploads\/2013\/11\/affiche-p-b-2014.jpg 428w, https:\/\/www.compagnie-agora.fr\/actualites\/wp-content\/uploads\/2013\/11\/affiche-p-b-2014-211x300.jpg 211w\" sizes=\"auto, (max-width: 428px) 100vw, 428px\" \/><\/a><\/strong><\/h1>\n<p>Dossier de presse :<\/p>\n<p><a href=\"https:\/\/www.compagnie-agora.fr\/actualites\/wp-content\/uploads\/2013\/11\/Penis-Blues-nouveau-dossier-2014-mars.pdf\">Penis Blues dossier<\/a><br \/>\nVid\u00e9o en public<\/p>\n<p><strong>Prochaine repr\u00e9sentation<\/strong><\/p>\n<p>SAMEDI 17 octobre 2015 \u00e0 21heures au <strong>Centre Culturel de Cassis<\/strong><br \/>\n20 av Emmanuel Agostini 13260 CASSIS<br \/>\nCONTACT CASSIS<br \/>\n04 42 01 77 73<\/p>\n<p>&nbsp;<\/p>\n<p><iframe loading=\"lazy\" src=\"\/\/www.youtube.com\/embed\/kSSN3-vF-QI\" height=\"315\" width=\"420\" allowfullscreen=\"\" frameborder=\"0\"><\/iframe><\/p>\n<p><em>Nous contacter : <\/em><br \/>\n<a href=\"mailto:info@compagnie-agora.fr\">info@compagnie-agora.fr<\/a><br \/>\ncontact@penisblues.com<br \/>\n<a href=\"http:\/\/penisblues.com\" target=\"_blank\">http:\/\/penisblues.com<\/a><\/p>\n<p>&nbsp;<\/p>\n<p><iframe loading=\"lazy\" src=\"\/\/www.youtube.com\/embed\/gmTT_P78W6U\" height=\"315\" width=\"420\" allowfullscreen=\"\" frameborder=\"0\"><\/iframe><\/p>\n","protected":false},"excerpt":{"rendered":"<p>Une saga amoureuse, riche, \u00e9mouvante et dr\u00f4le Dossier de presse : Penis Blues dossier Vid\u00e9o en public Prochaine repr\u00e9sentation SAMEDI 17 octobre 2015 \u00e0 21heures au Centre Culturel de Cassis 20 av Emmanuel Agostini 13260 CASSIS CONTACT CASSIS 04 42 01 77 73 &nbsp; Nous contacter : info@compagnie-agora.fr contact@penisblues.com http:\/\/penisblues.com &nbsp;<\/p>\n","protected":false},"author":1,"featured_media":0,"parent":0,"menu_order":0,"comment_status":"closed","ping_status":"closed","template":"","meta":{"footnotes":""},"class_list":["post-65","page","type-page","status-publish","hentry"],"_links":{"self":[{"href":"https:\/\/www.compagnie-agora.fr\/actualites\/wp-json\/wp\/v2\/pages\/65","targetHints":{"allow":["GET"]}}],"collection":[{"href":"https:\/\/www.compagnie-agora.fr\/actualites\/wp-json\/wp\/v2\/pages"}],"about":[{"href":"https:\/\/www.compagnie-agora.fr\/actualites\/wp-json\/wp\/v2\/types\/page"}],"author":[{"embeddable":true,"href":"https:\/\/www.compagnie-agora.fr\/actualites\/wp-json\/wp\/v2\/users\/1"}],"replies":[{"embeddable":true,"href":"https:\/\/www.compagnie-agora.fr\/actualites\/wp-json\/wp\/v2\/comments?post=65"}],"version-history":[{"count":15,"href":"https:\/\/www.compagnie-agora.fr\/actualites\/wp-json\/wp\/v2\/pages\/65\/revisions"}],"predecessor-version":[{"id":313,"href":"https:\/\/www.compagnie-agora.fr\/actualites\/wp-json\/wp\/v2\/pages\/65\/revisions\/313"}],"wp:attachment":[{"href":"https:\/\/www.compagnie-agora.fr\/actualites\/wp-json\/wp\/v2\/media?parent=65"}],"curies":[{"name":"wp","href":"https:\/\/api.w.org\/{rel}","templated":true}]}}